{"id":42507,"date":"2024-10-02T13:40:54","date_gmt":"2024-10-02T13:40:54","guid":{"rendered":"https:\/\/onlearn.es\/?post_type=product&#038;p=42507"},"modified":"2025-07-23T08:59:12","modified_gmt":"2025-07-23T08:59:12","slug":"english-conversation-club","status":"publish","type":"product","link":"https:\/\/onlearn.es\/es\/product\/english-conversation-club","title":{"rendered":"Club de Conversaci\u00f3n en Ingl\u00e9s"},"content":{"rendered":"<p data-pm-slice=\"1 1 []\"><strong>Clases de Conversaci\u00f3n en Ingl\u00e9s  \u2013 \u00a1Oferta Especial!<\/strong><\/p>\r\n<p><strong>Precio: 10 \u20ac\/hora<\/strong><br \/><strong>Ahora solo 6 \u20ac\/hora (Oferta por tiempo limitado)<\/strong><\/p>\r\n<p><strong>Desbloquea tu Confianza en Ingl\u00e9s con Clases de Conversaci\u00f3n Guiadas por un Experto<\/strong><\/p>\r\n<p>\u00bfLlevas a\u00f1os estudiando ingl\u00e9s pero te sientes atascado cuando llega el momento de hablar? No est\u00e1s solo. Muchos estudiantes dominan la gram\u00e1tica, pero tienen dificultades para expresarse con fluidez y confianza en conversaciones reales. \u00a1Ah\u00ed es donde entro yo! Soy Gavin Hamann, un profesor de ingl\u00e9s con m\u00e1s de 20 a\u00f1os de experiencia. He ense\u00f1ado a miles de estudiantes en algunas de las mayores empresas e instituciones de Espa\u00f1a, y ahora ofrezco clases de conversaci\u00f3n online dise\u00f1adas para que por fin hables ingl\u00e9s con confianza.<\/p>\r\n<p><strong>\u00bfPor qu\u00e9 centrarse en la conversaci\u00f3n?<\/strong><\/p>\r\n<p>Learning grammar is important, but the true secret to fluency is speaking practice. In my classes, we focus on:<\/p>\r\n<ul data-spread=\"false\">\r\n<li>\r\n<p><strong>Real Conversations<\/strong> Conversaciones reales que te ayudan a ganar confianza y mejorar la fluidez.<\/p>\r\n<\/li>\r\n<li>\r\n<p><strong>Correcci\u00f3n de errores al instante<\/strong> para que aprendas de manera pr\u00e1ctica y natural.<\/p>\r\n<\/li>\r\n<li>\r\n<p><strong>Ampliar vocabulario<\/strong> con palabras y frases cotidianas que usan los hablantes nativos.<\/p>\r\n<\/li>\r\n<li>\r\n<p><strong>Reducir la ansiedad<\/strong> al hablar gracias a una orientaci\u00f3n experta y amigable.<\/p>\r\n<\/li>\r\n<\/ul>\r\n<p><strong>Horarios de las clases:<\/strong><\/p>\r\n<ul data-spread=\"false\">\r\n<li>\r\n<p><strong>De lunes a viernes<\/strong><\/p>\r\n<\/li>\r\n<li>\r\n<p><strong>Horarios disponibles:<\/strong> 10:00, 12:00 y 14:00<\/p>\r\n<\/li>\r\n<\/ul>\r\n<p>Las sesiones son peque\u00f1as, interactivas y personalizadas. M\u00e1ximo de 6 estudiantes por clase, para asegurarte una atenci\u00f3n personalizada.<\/p>\r\n<p><strong>\u00bfPor qu\u00e9 elegir estas clases?<\/strong><\/p>\r\n<ul data-spread=\"false\">\r\n<li>\r\n<p><strong>Resultados Comprobados<\/strong> \u2013 Miles de estudiantes satisfechos han mejorado su fluidez con mi m\u00e9todo.<\/p>\r\n<\/li>\r\n<li>\r\n<p><strong>S\u00faper Econ\u00f3mico<\/strong> \u2013 Normalmente 10 \u20ac\/hora, ahora solo 6 \u20ac\/hora por tiempo limitado si reservas un mes de clases.<\/p>\r\n<\/li>\r\n<li>\r\n<p><strong>Aprendizaje Online Conveniente<\/strong> \u2013 \u00danete desde la comodidad de tu hogar y empieza a ver resultados r\u00e1pidamente.<\/p>\r\n<\/li>\r\n<\/ul>\r\n<p>Deja de sentir frustraci\u00f3n y empieza a hablar con confianza. Ap\u00fantate a las Clases de Conversaci\u00f3n en Ingl\u00e9s y transforma tu ingl\u00e9s hoy mismo.<\/p>\r\n\r\n<div class=\"wp-block-group has-pale-cyan-blue-background-color has-background is-layout-constrained wp-container-core-group-is-layout-f611be13 wp-block-group-is-layout-constrained\" style=\"padding: var(--wp--preset--spacing--50);\"><div class=\"wp-block-group__inner-container\">\r\n<h3 class=\"wp-block-heading has-text-align-center\">\u00bfTienes alguna pregunta sobre el Club de Conversaci\u00f3n en Ingl\u00e9s?<\/h3>\r\n\r\n\r\n\r\n<p class=\"has-text-align-center\">\u00a1Pregunta sin m\u00e1s!<\/p>\r\n\r\n\r\n <div class='mwai-chatbot-container' data-params='{&quot;aiName&quot;:&quot;AI: &quot;,&quot;userName&quot;:&quot;User: &quot;,&quot;guestName&quot;:&quot;Guest:&quot;,&quot;aiAvatar&quot;:1,&quot;aiAvatarUrl&quot;:&quot;https:\\\/\\\/onlearn.es\\\/wp-content\\\/plugins\\\/ai-engine\\\/images\\\/chat-traditional-1.svg&quot;,&quot;textSend&quot;:&quot;Send&quot;,&quot;textClear&quot;:&quot;Clear&quot;,&quot;imageUpload&quot;:false,&quot;fileUpload&quot;:false,&quot;multiUpload&quot;:false,&quot;maxUploads&quot;:1,&quot;fileUploads&quot;:0,&quot;mode&quot;:&quot;chat&quot;,&quot;textInputPlaceholder&quot;:&quot;Type your message...&quot;,&quot;textInputMaxLength&quot;:512,&quot;textCompliance&quot;:&quot;&quot;,&quot;startSentence&quot;:&quot;Do you have any questions about English Conversation Club?&quot;,&quot;localMemory&quot;:true,&quot;themeId&quot;:&quot;messages&quot;,&quot;window&quot;:false,&quot;icon&quot;:&quot;&quot;,&quot;iconText&quot;:&quot;&quot;,&quot;iconTextDelay&quot;:1,&quot;iconAlt&quot;:&quot;AI Engine Chatbot&quot;,&quot;iconPosition&quot;:&quot;top-right&quot;,&quot;centerOpen&quot;:false,&quot;width&quot;:&quot;&quot;,&quot;openDelay&quot;:&quot;&quot;,&quot;iconBubble&quot;:false,&quot;windowAnimation&quot;:&quot;zoom&quot;,&quot;fullscreen&quot;:false,&quot;copyButton&quot;:false,&quot;headerSubtitle&quot;:&quot;Discuss with&quot;,&quot;containerType&quot;:&quot;standard&quot;,&quot;headerType&quot;:&quot;standard&quot;,&quot;messagesType&quot;:&quot;standard&quot;,&quot;inputType&quot;:&quot;standard&quot;,&quot;footerType&quot;:&quot;standard&quot;}' data-system='{&quot;botId&quot;:&quot;chatbot-d3luoi&quot;,&quot;customId&quot;:null,&quot;userData&quot;:null,&quot;sessionId&quot;:&quot;69e877badf084&quot;,&quot;restNonce&quot;:null,&quot;contextId&quot;:42507,&quot;pluginUrl&quot;:&quot;https:\\\/\\\/onlearn.es\\\/wp-content\\\/plugins\\\/ai-engine\\\/&quot;,&quot;restUrl&quot;:&quot;https:\\\/\\\/onlearn.es\\\/es\\\/wp-json&quot;,&quot;stream&quot;:false,&quot;debugMode&quot;:false,&quot;eventLogs&quot;:false,&quot;speech_recognition&quot;:true,&quot;speech_synthesis&quot;:false,&quot;typewriter&quot;:false,&quot;crossSite&quot;:false,&quot;actions&quot;:[],&quot;blocks&quot;:[{&quot;id&quot;:&quot;mwai_gdpr_69e877badf227&quot;,&quot;type&quot;:&quot;content&quot;,&quot;data&quot;:{&quot;id&quot;:&quot;mwai_gdpr_69e877badf227&quot;,&quot;html&quot;:&quot;&lt;div&gt;\\n                              &lt;p&gt;By using this chatbot, you agree to the recording and processing of your data by our website and the external services it might use (LLMs, vector databases, etc.).&lt;\\\/p&gt;\\n                              &lt;div class=\\&quot;mwai-gdpr-buttons\\&quot;&gt;\\n                              &lt;button id=\\&quot;mwai_gdpr_69e877badf227-button\\&quot; type=\\&quot;button\\&quot; style=\\&quot;width: 100%;\\&quot;&gt;I understand&lt;\\\/button&gt;\\n                              &lt;\\\/div&gt;\\n                              &lt;\\\/div&gt;&quot;,&quot;script&quot;:&quot;\\n                              (function() {\\n                                    \\\/\\\/ Handle GDPR consent button click\\n                                    document.addEventListener(\\&quot;click\\&quot;, function(event) {\\n                                      if (event.target.id === \\&quot;mwai_gdpr_69e877badf227-button\\&quot;) {\\n                                        event.preventDefault();\\n                                        \\n                                        \\\/\\\/ Set GDPR acceptance cookie for 1 year\\n                                        const date = new Date();\\n                                        date.setTime(date.getTime() + (365 * 24 * 60 * 60 * 1000));\\n                                        document.cookie = \\&quot;mwai_gdpr_accepted=1; expires=\\&quot; + date.toUTCString() + \\&quot;; path=\\\/\\&quot;;\\n                                        \\n                                        \\\/\\\/ IMPORTANT: When multiple chatbots share the same botId, we must find\\n                                        \\\/\\\/ the specific chatbot instance that contains this GDPR block.\\n                                        \\\/\\\/ MwaiAPI.getChatbot() returns the first match, which may be wrong.\\n                                        let foundChatbot = null;\\n                                        const chatbotsWithSameBotId = MwaiAPI.chatbots.filter(cb =&gt; cb.botId === \\&quot;chatbot-d3luoi\\&quot;);\\n                                        \\n                                        \\\/\\\/ Find the chatbot that actually has this GDPR block\\n                                        for (const chatbot of chatbotsWithSameBotId) {\\n                                          const blocks = chatbot.getBlocks ? chatbot.getBlocks() : [];\\n                                          if (blocks.some(block =&gt; block.id === \\&quot;mwai_gdpr_69e877badf227\\&quot;)) {\\n                                            foundChatbot = chatbot;\\n                                            break;\\n                                          }\\n                                        }\\n                                        \\n                                        if (foundChatbot) {\\n                                          foundChatbot.unlock();\\n                                          foundChatbot.removeBlockById(\\&quot;mwai_gdpr_69e877badf227\\&quot;);\\n                                        }\\n                                      }\\n                                    }, true); \\\/\\\/ Use capture phase for better popup\\\/modal support\\n                                    \\n                                    \\\/\\\/ Lock the chatbot when it has this GDPR block\\n                                    \\\/\\\/ Note: Using MwaiAPI.getChatbot() here is fine for locking\\n                                    \\\/\\\/ as we want to lock any chatbot with this botId initially\\n                                    const tryLock = setInterval(function() {\\n                                      const chatbot = MwaiAPI.getChatbot(\\&quot;chatbot-d3luoi\\&quot;);\\n                                      if (chatbot &amp;&amp; chatbot.lock) {\\n                                        chatbot.lock();\\n                                        clearInterval(tryLock);\\n                                      }\\n                                    }, 100);\\n                                    \\n                                    \\\/\\\/ Stop trying after 5 seconds\\n                                    setTimeout(function() {\\n                                      clearInterval(tryLock);\\n                                    }, 5000);\\n                                  })();\\n                                &quot;}}],&quot;shortcuts&quot;:[]}' data-theme='{&quot;type&quot;:&quot;internal&quot;,&quot;name&quot;:&quot;Messages&quot;,&quot;themeId&quot;:&quot;messages&quot;,&quot;settings&quot;:[],&quot;style&quot;:&quot;&quot;,&quot;cssUrl&quot;:&quot;https:\\\/\\\/onlearn.es\\\/wp-content\\\/plugins\\\/ai-engine\\\/themes\\\/messages.css&quot;}'><\/div> \r\n\r\n<\/div><\/div>","protected":false},"excerpt":{"rendered":"<ul>\n<li>Tutor experto nativo<\/li>\n<li>Grupos peque\u00f1os.<\/li>\n<li>Actividades divertidas para aprender gram\u00e1tica y vocabulario en contexto.<\/li>\n<li>\u00a1OFERTA ESPECIAL \u20ac6 por hora!<\/li>\n<\/ul>","protected":false},"featured_media":42696,"comment_status":"open","ping_status":"closed","template":"","meta":{"inline_featured_image":false,"site-sidebar-layout":"default","site-content-layout":"default","ast-global-header-display":"","ast-banner-title-visibility":"","ast-main-header-display":"","ast-hfb-above-header-display":"","ast-hfb-below-header-display":"","ast-hfb-mobile-header-display":"","site-post-title":"","ast-breadcrumbs-content":"","ast-featured-img":"","footer-sml-layout":"","theme-transparent-header-meta":"default","adv-header-id-meta":"","stick-header-meta":"","header-above-stick-meta":"","header-main-stick-meta":"","header-below-stick-meta":""},"product_brand":[],"product_cat":[200,160],"product_tag":[],"class_list":{"0":"post-42507","1":"product","2":"type-product","3":"status-publish","4":"has-post-thumbnail","6":"product_cat-english","7":"product_cat-live-online-classes","8":"desktop-align-left","9":"tablet-align-left","10":"mobile-align-left","12":"first","13":"instock","14":"sale","15":"virtual","16":"purchasable","17":"product-type-simple"},"yoast_head":"<!-- This site is optimized with the Yoast SEO plugin v26.0 - https:\/\/yoast.com\/wordpress\/plugins\/seo\/ -->\n<title>English Conversation Club - Onlearn<\/title>\n<meta name=\"description\" content=\"English conversation Zoom classes. Expert native teacher. Amazing price! Join today and keep on learning!\" \/>\n<meta name=\"robots\" content=\"index, follow, max-snippet:-1, max-image-preview:large, max-video-preview:-1\" \/>\n<link rel=\"canonical\" href=\"https:\/\/onlearn.es\/es\/producto\/english-conversation-club\/\" \/>\n<meta property=\"og:locale\" content=\"es_ES\" \/>\n<meta property=\"og:type\" content=\"article\" \/>\n<meta property=\"og:title\" content=\"English Conversation Club - Onlearn\" \/>\n<meta property=\"og:description\" content=\"English conversation Zoom classes. Expert native teacher. Amazing price! Join today and keep on learning!\" \/>\n<meta property=\"og:url\" content=\"https:\/\/onlearn.es\/es\/producto\/english-conversation-club\/\" \/>\n<meta property=\"og:site_name\" content=\"Onlearn\" \/>\n<meta property=\"article:publisher\" content=\"https:\/\/www.facebook.com\/Onlearn.es\" \/>\n<meta property=\"article:modified_time\" content=\"2025-07-23T08:59:12+00:00\" \/>\n<meta property=\"og:image\" content=\"https:\/\/onlearn.es\/wp-content\/uploads\/2024\/10\/ENGLISH-CONVERSATION-CLUB.jpg\" \/>\n\t<meta property=\"og:image:width\" content=\"324\" \/>\n\t<meta property=\"og:image:height\" content=\"324\" \/>\n\t<meta property=\"og:image:type\" content=\"image\/jpeg\" \/>\n<meta name=\"twitter:card\" content=\"summary_large_image\" \/>\n<meta name=\"twitter:label1\" content=\"Tiempo de lectura\" \/>\n\t<meta name=\"twitter:data1\" content=\"1 minuto\" \/>\n<script type=\"application\/ld+json\" class=\"yoast-schema-graph\">{\"@context\":\"https:\/\/schema.org\",\"@graph\":[{\"@type\":\"WebPage\",\"@id\":\"https:\/\/onlearn.es\/product\/english-conversation-club\",\"url\":\"https:\/\/onlearn.es\/product\/english-conversation-club\",\"name\":\"English Conversation Club - Onlearn\",\"isPartOf\":{\"@id\":\"https:\/\/onlearn.es\/#website\"},\"primaryImageOfPage\":{\"@id\":\"https:\/\/onlearn.es\/product\/english-conversation-club#primaryimage\"},\"image\":{\"@id\":\"https:\/\/onlearn.es\/product\/english-conversation-club#primaryimage\"},\"thumbnailUrl\":\"https:\/\/i0.wp.com\/onlearn.es\/wp-content\/uploads\/2024\/10\/ENGLISH-CONVERSATION-CLUB.jpg?fit=324%2C324&ssl=1\",\"datePublished\":\"2024-10-02T13:40:54+00:00\",\"dateModified\":\"2025-07-23T08:59:12+00:00\",\"description\":\"English conversation Zoom classes. Expert native teacher. Amazing price! Join today and keep on learning!\",\"breadcrumb\":{\"@id\":\"https:\/\/onlearn.es\/product\/english-conversation-club#breadcrumb\"},\"inLanguage\":\"es\",\"potentialAction\":[{\"@type\":\"ReadAction\",\"target\":[\"https:\/\/onlearn.es\/product\/english-conversation-club\"]}]},{\"@type\":\"ImageObject\",\"inLanguage\":\"es\",\"@id\":\"https:\/\/onlearn.es\/product\/english-conversation-club#primaryimage\",\"url\":\"https:\/\/i0.wp.com\/onlearn.es\/wp-content\/uploads\/2024\/10\/ENGLISH-CONVERSATION-CLUB.jpg?fit=324%2C324&ssl=1\",\"contentUrl\":\"https:\/\/i0.wp.com\/onlearn.es\/wp-content\/uploads\/2024\/10\/ENGLISH-CONVERSATION-CLUB.jpg?fit=324%2C324&ssl=1\",\"width\":324,\"height\":324,\"caption\":\"English conversation clun, native expert tutor, zoom classes, small groups, fun activities,low cost\"},{\"@type\":\"BreadcrumbList\",\"@id\":\"https:\/\/onlearn.es\/product\/english-conversation-club#breadcrumb\",\"itemListElement\":[{\"@type\":\"ListItem\",\"position\":1,\"name\":\"Home\",\"item\":\"https:\/\/onlearn.es\/\"},{\"@type\":\"ListItem\",\"position\":2,\"name\":\"Shop\",\"item\":\"https:\/\/onlearn.es\/shop\"},{\"@type\":\"ListItem\",\"position\":3,\"name\":\"English Conversation Club\"}]},{\"@type\":\"WebSite\",\"@id\":\"https:\/\/onlearn.es\/#website\",\"url\":\"https:\/\/onlearn.es\/\",\"name\":\"Onlearn\",\"description\":\"Keep OnLearning!\",\"publisher\":{\"@id\":\"https:\/\/onlearn.es\/#organization\"},\"potentialAction\":[{\"@type\":\"SearchAction\",\"target\":{\"@type\":\"EntryPoint\",\"urlTemplate\":\"https:\/\/onlearn.es\/?s={search_term_string}\"},\"query-input\":{\"@type\":\"PropertyValueSpecification\",\"valueRequired\":true,\"valueName\":\"search_term_string\"}}],\"inLanguage\":\"es\"},{\"@type\":\"Organization\",\"@id\":\"https:\/\/onlearn.es\/#organization\",\"name\":\"Onlearn\",\"url\":\"https:\/\/onlearn.es\/\",\"logo\":{\"@type\":\"ImageObject\",\"inLanguage\":\"es\",\"@id\":\"https:\/\/onlearn.es\/#\/schema\/logo\/image\/\",\"url\":\"https:\/\/i0.wp.com\/onlearn.es\/wp-content\/uploads\/2021\/11\/Onlearn-New-Logo.png?fit=300%2C102&ssl=1\",\"contentUrl\":\"https:\/\/i0.wp.com\/onlearn.es\/wp-content\/uploads\/2021\/11\/Onlearn-New-Logo.png?fit=300%2C102&ssl=1\",\"width\":300,\"height\":102,\"caption\":\"Onlearn\"},\"image\":{\"@id\":\"https:\/\/onlearn.es\/#\/schema\/logo\/image\/\"},\"sameAs\":[\"https:\/\/www.facebook.com\/Onlearn.es\"]}]}<\/script>\n<!-- \/ Yoast SEO plugin. -->","yoast_head_json":{"title":"English Conversation Club - Onlearn","description":"English conversation Zoom classes. Expert native teacher. Amazing price! Join today and keep on learning!","robots":{"index":"index","follow":"follow","max-snippet":"max-snippet:-1","max-image-preview":"max-image-preview:large","max-video-preview":"max-video-preview:-1"},"canonical":"https:\/\/onlearn.es\/es\/producto\/english-conversation-club\/","og_locale":"es_ES","og_type":"article","og_title":"English Conversation Club - Onlearn","og_description":"English conversation Zoom classes. Expert native teacher. Amazing price! Join today and keep on learning!","og_url":"https:\/\/onlearn.es\/es\/producto\/english-conversation-club\/","og_site_name":"Onlearn","article_publisher":"https:\/\/www.facebook.com\/Onlearn.es","article_modified_time":"2025-07-23T08:59:12+00:00","og_image":[{"width":324,"height":324,"url":"https:\/\/onlearn.es\/wp-content\/uploads\/2024\/10\/ENGLISH-CONVERSATION-CLUB.jpg","type":"image\/jpeg"}],"twitter_card":"summary_large_image","twitter_misc":{"Tiempo de lectura":"1 minuto"},"schema":{"@context":"https:\/\/schema.org","@graph":[{"@type":"WebPage","@id":"https:\/\/onlearn.es\/product\/english-conversation-club","url":"https:\/\/onlearn.es\/product\/english-conversation-club","name":"English Conversation Club - Onlearn","isPartOf":{"@id":"https:\/\/onlearn.es\/#website"},"primaryImageOfPage":{"@id":"https:\/\/onlearn.es\/product\/english-conversation-club#primaryimage"},"image":{"@id":"https:\/\/onlearn.es\/product\/english-conversation-club#primaryimage"},"thumbnailUrl":"https:\/\/i0.wp.com\/onlearn.es\/wp-content\/uploads\/2024\/10\/ENGLISH-CONVERSATION-CLUB.jpg?fit=324%2C324&ssl=1","datePublished":"2024-10-02T13:40:54+00:00","dateModified":"2025-07-23T08:59:12+00:00","description":"English conversation Zoom classes. Expert native teacher. Amazing price! Join today and keep on learning!","breadcrumb":{"@id":"https:\/\/onlearn.es\/product\/english-conversation-club#breadcrumb"},"inLanguage":"es","potentialAction":[{"@type":"ReadAction","target":["https:\/\/onlearn.es\/product\/english-conversation-club"]}]},{"@type":"ImageObject","inLanguage":"es","@id":"https:\/\/onlearn.es\/product\/english-conversation-club#primaryimage","url":"https:\/\/i0.wp.com\/onlearn.es\/wp-content\/uploads\/2024\/10\/ENGLISH-CONVERSATION-CLUB.jpg?fit=324%2C324&ssl=1","contentUrl":"https:\/\/i0.wp.com\/onlearn.es\/wp-content\/uploads\/2024\/10\/ENGLISH-CONVERSATION-CLUB.jpg?fit=324%2C324&ssl=1","width":324,"height":324,"caption":"English conversation clun, native expert tutor, zoom classes, small groups, fun activities,low cost"},{"@type":"BreadcrumbList","@id":"https:\/\/onlearn.es\/product\/english-conversation-club#breadcrumb","itemListElement":[{"@type":"ListItem","position":1,"name":"Home","item":"https:\/\/onlearn.es\/"},{"@type":"ListItem","position":2,"name":"Shop","item":"https:\/\/onlearn.es\/shop"},{"@type":"ListItem","position":3,"name":"English Conversation Club"}]},{"@type":"WebSite","@id":"https:\/\/onlearn.es\/#website","url":"https:\/\/onlearn.es\/","name":"Onlearn","description":"Keep OnLearning!","publisher":{"@id":"https:\/\/onlearn.es\/#organization"},"potentialAction":[{"@type":"SearchAction","target":{"@type":"EntryPoint","urlTemplate":"https:\/\/onlearn.es\/?s={search_term_string}"},"query-input":{"@type":"PropertyValueSpecification","valueRequired":true,"valueName":"search_term_string"}}],"inLanguage":"es"},{"@type":"Organization","@id":"https:\/\/onlearn.es\/#organization","name":"Onlearn","url":"https:\/\/onlearn.es\/","logo":{"@type":"ImageObject","inLanguage":"es","@id":"https:\/\/onlearn.es\/#\/schema\/logo\/image\/","url":"https:\/\/i0.wp.com\/onlearn.es\/wp-content\/uploads\/2021\/11\/Onlearn-New-Logo.png?fit=300%2C102&ssl=1","contentUrl":"https:\/\/i0.wp.com\/onlearn.es\/wp-content\/uploads\/2021\/11\/Onlearn-New-Logo.png?fit=300%2C102&ssl=1","width":300,"height":102,"caption":"Onlearn"},"image":{"@id":"https:\/\/onlearn.es\/#\/schema\/logo\/image\/"},"sameAs":["https:\/\/www.facebook.com\/Onlearn.es"]}]}},"jetpack_sharing_enabled":true,"_links":{"self":[{"href":"https:\/\/onlearn.es\/es\/wp-json\/wp\/v2\/product\/42507","targetHints":{"allow":["GET"]}}],"collection":[{"href":"https:\/\/onlearn.es\/es\/wp-json\/wp\/v2\/product"}],"about":[{"href":"https:\/\/onlearn.es\/es\/wp-json\/wp\/v2\/types\/product"}],"replies":[{"embeddable":true,"href":"https:\/\/onlearn.es\/es\/wp-json\/wp\/v2\/comments?post=42507"}],"wp:featuredmedia":[{"embeddable":true,"href":"https:\/\/onlearn.es\/es\/wp-json\/wp\/v2\/media\/42696"}],"wp:attachment":[{"href":"https:\/\/onlearn.es\/es\/wp-json\/wp\/v2\/media?parent=42507"}],"wp:term":[{"taxonomy":"product_brand","embeddable":true,"href":"https:\/\/onlearn.es\/es\/wp-json\/wp\/v2\/product_brand?post=42507"},{"taxonomy":"product_cat","embeddable":true,"href":"https:\/\/onlearn.es\/es\/wp-json\/wp\/v2\/product_cat?post=42507"},{"taxonomy":"product_tag","embeddable":true,"href":"https:\/\/onlearn.es\/es\/wp-json\/wp\/v2\/product_tag?post=42507"}],"curies":[{"name":"wp","href":"https:\/\/api.w.org\/{rel}","templated":true}]}}